{"id":995,"date":"2024-12-16T22:08:55","date_gmt":"2024-12-16T21:08:55","guid":{"rendered":"https:\/\/www.institut-le-salon.fr\/?page_id=995"},"modified":"2025-01-05T18:42:11","modified_gmt":"2025-01-05T17:42:11","slug":"a-propos","status":"publish","type":"page","link":"https:\/\/www.institut-le-salon.fr\/?page_id=995","title":{"rendered":"\u00c0 propos"},"content":{"rendered":"\t\t<div data-elementor-type=\"wp-page\" data-elementor-id=\"995\" class=\"elementor elementor-995\" data-elementor-post-type=\"page\">\n\t\t\t\t\t\t<section class=\"elementor-section elementor-top-section elementor-element elementor-element-4f5e542 elementor-section-boxed elementor-section-height-default elementor-section-height-default\" data-id=\"4f5e542\" data-element_type=\"section\">\n\t\t\t\t\t\t<div class=\"elementor-container elementor-column-gap-default\">\n\t\t\t\t\t<div class=\"elementor-column elementor-col-50 elementor-top-column elementor-element elementor-element-16b1778\" data-id=\"16b1778\" data-element_type=\"column\">\n\t\t\t<div class=\"elementor-widget-wrap elementor-element-populated\">\n\t\t\t\t\t\t<div class=\"elementor-element elementor-element-56e18c1 elementor-invisible elementor-widget elementor-widget-heading\" data-id=\"56e18c1\" data-element_type=\"widget\" data-settings=\"{&quot;_animation&quot;:&quot;fadeInLeft&quot;}\" data-widget_type=\"heading.default\">\n\t\t\t\t<div class=\"elementor-widget-container\">\n\t\t\t\t\t<h1 class=\"elementor-heading-title elementor-size-default\">Bienvenue au Salon, bas\u00e9 sur Montpellier !<\/h1>\t\t\t\t<\/div>\n\t\t\t\t<\/div>\n\t\t\t\t<div class=\"elementor-element elementor-element-ae9eb10 elementor-widget elementor-widget-heading\" data-id=\"ae9eb10\" data-element_type=\"widget\" data-widget_type=\"heading.default\">\n\t\t\t\t<div class=\"elementor-widget-container\">\n\t\t\t\t\t<h2 class=\"elementor-heading-title elementor-size-default\">Et bienvenue sur mon site, je suis Marianne<\/h2>\t\t\t\t<\/div>\n\t\t\t\t<\/div>\n\t\t\t\t<div class=\"elementor-element elementor-element-9ed1f29 elementor-widget__width-initial elementor-widget elementor-widget-text-editor\" data-id=\"9ed1f29\" data-element_type=\"widget\" data-widget_type=\"text-editor.default\">\n\t\t\t\t<div class=\"elementor-widget-container\">\n\t\t\t\t\t\t\t\t\t<p>Esth\u00e9ticienne passionn\u00e9e, je suis sp\u00e9cialis\u00e9e dans <b>les soins du visage<\/b> et <b>les soins corporels \u00e9nergisants<\/b>. Mon parcours dans le monde de la beaut\u00e9 m&rsquo;a permis de d\u00e9velopper une approche <b>holistique<\/b>, alliant techniques esth\u00e9tiques et bien-\u00eatre spirituel.<\/p>\n<p>Depuis plusieurs ann\u00e9es, je me consacre \u00e0 aider mes clients \u00e0 se <b>sentir bien dans leur peau<\/b>, tant sur le plan physique qu&rsquo;\u00e9motionnel. Chaque soin que je propose est con\u00e7u pour <b>revitaliser<\/b> votre \u00e9nergie, <b>apaiser votre esprit<\/b> et <b>sublimer<\/b> votre beaut\u00e9 naturelle.&nbsp;<\/p>\t\t\t\t\t\t\t\t<\/div>\n\t\t\t\t<\/div>\n\t\t\t\t<div class=\"elementor-element elementor-element-7557768 elementor-blockquote--skin-border elementor-blockquote--button-color-official elementor-widget elementor-widget-blockquote\" data-id=\"7557768\" data-element_type=\"widget\" data-widget_type=\"blockquote.default\">\n\t\t\t\t<div class=\"elementor-widget-container\">\n\t\t\t\t\t\t\t<blockquote class=\"elementor-blockquote\">\n\t\t\t<p class=\"elementor-blockquote__content\">\n\t\t\t\t\"Je crois fermement que la beaut\u00e9 ne se limite pas \u00e0 l'apparence ext\u00e9rieure, mais qu'elle \u00e9mane \u00e9galement de l'int\u00e9rieur.\"\t\t\t<\/p>\n\t\t\t\t\t<\/blockquote>\n\t\t\t\t\t\t<\/div>\n\t\t\t\t<\/div>\n\t\t\t\t<div class=\"elementor-element elementor-element-9195960 elementor-widget__width-initial elementor-widget elementor-widget-text-editor\" data-id=\"9195960\" data-element_type=\"widget\" data-widget_type=\"text-editor.default\">\n\t\t\t\t<div class=\"elementor-widget-container\">\n\t\t\t\t\t\t\t\t\t<p class=\"p1\">Ma passion pour le <b>bien-\u00eatre<\/b> m&rsquo;a amen\u00e9e \u00e0 explorer diverses <strong>p<\/strong><b>ratiques spirituelles<\/b>, que j&rsquo;int\u00e8gre dans mes soins pour offrir une <b>exp\u00e9rience unique et ressour\u00e7ante<\/b>. Que vous souhaitiez un soin du visage relaxant ou un soin corporel \u00e9nergisant, je suis l\u00e0 pour vous accompagner sur votre chemin vers <b>l&rsquo;harmonie<\/b> et <b>la<\/b> <b>s\u00e9r\u00e9nit\u00e9<\/b>.<\/p><p class=\"p1\"><em><strong>J<\/strong><b>e vous invite \u00e0 d\u00e9couvrir mes services et \u00e0 prendre un moment pour vous, car vous le m\u00e9ritez !<\/b><\/em><\/p>\t\t\t\t\t\t\t\t<\/div>\n\t\t\t\t<\/div>\n\t\t\t\t\t<\/div>\n\t\t<\/div>\n\t\t\t\t<div class=\"elementor-column elementor-col-50 elementor-top-column elementor-element elementor-element-380a2da\" data-id=\"380a2da\" data-element_type=\"column\">\n\t\t\t<div class=\"elementor-widget-wrap elementor-element-populated\">\n\t\t\t\t\t\t<div class=\"elementor-element elementor-element-3135e47 elementor-absolute elementor-widget elementor-widget-image\" data-id=\"3135e47\" data-element_type=\"widget\" data-settings=\"{&quot;_position&quot;:&quot;absolute&quot;,&quot;motion_fx_motion_fx_scrolling&quot;:&quot;yes&quot;,&quot;motion_fx_translateY_effect&quot;:&quot;yes&quot;,&quot;motion_fx_translateY_direction&quot;:&quot;negative&quot;,&quot;motion_fx_translateY_speed&quot;:{&quot;unit&quot;:&quot;px&quot;,&quot;size&quot;:5,&quot;sizes&quot;:[]},&quot;motion_fx_motion_fx_mouse&quot;:&quot;yes&quot;,&quot;motion_fx_translateY_affectedRange&quot;:{&quot;unit&quot;:&quot;%&quot;,&quot;size&quot;:&quot;&quot;,&quot;sizes&quot;:{&quot;start&quot;:0,&quot;end&quot;:100}},&quot;motion_fx_devices&quot;:[&quot;desktop&quot;,&quot;tablet&quot;,&quot;mobile&quot;]}\" data-widget_type=\"image.default\">\n\t\t\t\t<div class=\"elementor-widget-container\">\n\t\t\t\t\t\t\t\t\t\t\t\t\t\t\t<img fetchpriority=\"high\" decoding=\"async\" width=\"300\" height=\"200\" src=\"https:\/\/www.institut-le-salon.fr\/wp-content\/uploads\/2024\/12\/rose-300x200.png\" class=\"attachment-medium size-medium wp-image-1114\" alt=\"Rose\" srcset=\"https:\/\/www.institut-le-salon.fr\/wp-content\/uploads\/2024\/12\/rose-300x200.png 300w, https:\/\/www.institut-le-salon.fr\/wp-content\/uploads\/2024\/12\/rose.png 612w\" sizes=\"(max-width: 300px) 100vw, 300px\" \/>\t\t\t\t\t\t\t\t\t\t\t\t\t\t\t<\/div>\n\t\t\t\t<\/div>\n\t\t\t\t<div class=\"elementor-element elementor-element-b19a731 elementor-widget elementor-widget-image\" data-id=\"b19a731\" data-element_type=\"widget\" data-widget_type=\"image.default\">\n\t\t\t\t<div class=\"elementor-widget-container\">\n\t\t\t\t\t\t\t\t\t\t\t\t\t\t\t<img decoding=\"async\" width=\"768\" height=\"1024\" src=\"https:\/\/www.institut-le-salon.fr\/wp-content\/uploads\/2025\/01\/Marianne-768x1024.jpeg\" class=\"attachment-medium_large size-medium_large wp-image-1288\" alt=\"Marianne en train de faire un soin\" srcset=\"https:\/\/www.institut-le-salon.fr\/wp-content\/uploads\/2025\/01\/Marianne-768x1024.jpeg 768w, https:\/\/www.institut-le-salon.fr\/wp-content\/uploads\/2025\/01\/Marianne-225x300.jpeg 225w, https:\/\/www.institut-le-salon.fr\/wp-content\/uploads\/2025\/01\/Marianne-1152x1536.jpeg 1152w, https:\/\/www.institut-le-salon.fr\/wp-content\/uploads\/2025\/01\/Marianne.jpeg 1200w\" sizes=\"(max-width: 768px) 100vw, 768px\" \/>\t\t\t\t\t\t\t\t\t\t\t\t\t\t\t<\/div>\n\t\t\t\t<\/div>\n\t\t\t\t<div class=\"elementor-element elementor-element-da67033 e-transform elementor-widget elementor-widget-image\" data-id=\"da67033\" data-element_type=\"widget\" data-settings=\"{&quot;_transform_flipY_effect&quot;:&quot;transform&quot;}\" data-widget_type=\"image.default\">\n\t\t\t\t<div class=\"elementor-widget-container\">\n\t\t\t\t\t\t\t\t\t\t\t\t\t\t\t<img fetchpriority=\"high\" decoding=\"async\" width=\"300\" height=\"200\" src=\"https:\/\/www.institut-le-salon.fr\/wp-content\/uploads\/2024\/12\/rose-300x200.png\" class=\"attachment-medium size-medium wp-image-1114\" alt=\"Rose\" srcset=\"https:\/\/www.institut-le-salon.fr\/wp-content\/uploads\/2024\/12\/rose-300x200.png 300w, https:\/\/www.institut-le-salon.fr\/wp-content\/uploads\/2024\/12\/rose.png 612w\" sizes=\"(max-width: 300px) 100vw, 300px\" \/>\t\t\t\t\t\t\t\t\t\t\t\t\t\t\t<\/div>\n\t\t\t\t<\/div>\n\t\t\t\t<div class=\"elementor-element elementor-element-efaaef4 elementor-invisible elementor-widget elementor-widget-heading\" data-id=\"efaaef4\" data-element_type=\"widget\" data-settings=\"{&quot;_animation&quot;:&quot;fadeInRight&quot;}\" data-widget_type=\"heading.default\">\n\t\t\t\t<div class=\"elementor-widget-container\">\n\t\t\t\t\t<h2 class=\"elementor-heading-title elementor-size-default\"><i>Au plaisir de vous rencontrer !<\/i><\/h2>\t\t\t\t<\/div>\n\t\t\t\t<\/div>\n\t\t\t\t\t<\/div>\n\t\t<\/div>\n\t\t\t\t\t<\/div>\n\t\t<\/section>\n\t\t\t\t<\/div>\n\t\t","protected":false},"excerpt":{"rendered":"<p>Bienvenue au Salon, bas\u00e9 sur Montpellier ! Et bienvenue sur mon site, je suis Marianne Esth\u00e9ticienne passionn\u00e9e, je suis sp\u00e9cialis\u00e9e [&hellip;]<\/p>\n","protected":false},"author":1,"featured_media":0,"parent":0,"menu_order":0,"comment_status":"closed","ping_status":"closed","template":"","meta":{"site-sidebar-layout":"no-sidebar","site-content-layout":"","ast-site-content-layout":"full-width-container","site-content-style":"default","site-sidebar-style":"default","ast-global-header-display":"","ast-banner-title-visibility":"","ast-main-header-display":"","ast-hfb-above-header-display":"","ast-hfb-below-header-display":"","ast-hfb-mobile-header-display":"","site-post-title":"disabled","ast-breadcrumbs-content":"","ast-featured-img":"disabled","footer-sml-layout":"","theme-transparent-header-meta":"","adv-header-id-meta":"","stick-header-meta":"","header-above-stick-meta":"","header-main-stick-meta":"","header-below-stick-meta":"","astra-migrate-meta-layouts":"default","ast-page-background-enabled":"default","ast-page-background-meta":{"desktop":{"background-color":"var(--ast-global-color-4)","background-image":"","background-repeat":"repeat","background-position":"center center","background-size":"auto","background-attachment":"scroll","background-type":"","background-media":"","overlay-type":"","overlay-color":"","overlay-opacity":"","overlay-gradient":""},"tablet":{"background-color":"","background-image":"","background-repeat":"repeat","background-position":"center center","background-size":"auto","background-attachment":"scroll","background-type":"","background-media":"","overlay-type":"","overlay-color":"","overlay-opacity":"","overlay-gradient":""},"mobile":{"background-color":"","background-image":"","background-repeat":"repeat","background-position":"center center","background-size":"auto","background-attachment":"scroll","background-type":"","background-media":"","overlay-type":"","overlay-color":"","overlay-opacity":"","overlay-gradient":""}},"ast-content-background-meta":{"desktop":{"background-color":"var(--ast-global-color-5)","background-image":"","background-repeat":"repeat","background-position":"center center","background-size":"auto","background-attachment":"scroll","background-type":"","background-media":"","overlay-type":"","overlay-color":"","overlay-opacity":"","overlay-gradient":""},"tablet":{"background-color":"var(--ast-global-color-5)","background-image":"","background-repeat":"repeat","background-position":"center center","background-size":"auto","background-attachment":"scroll","background-type":"","background-media":"","overlay-type":"","overlay-color":"","overlay-opacity":"","overlay-gradient":""},"mobile":{"background-color":"var(--ast-global-color-5)","background-image":"","background-repeat":"repeat","background-position":"center center","background-size":"auto","background-attachment":"scroll","background-type":"","background-media":"","overlay-type":"","overlay-color":"","overlay-opacity":"","overlay-gradient":""}},"footnotes":""},"class_list":["post-995","page","type-page","status-publish","hentry"],"_links":{"self":[{"href":"https:\/\/www.institut-le-salon.fr\/index.php?rest_route=\/wp\/v2\/pages\/995","targetHints":{"allow":["GET"]}}],"collection":[{"href":"https:\/\/www.institut-le-salon.fr\/index.php?rest_route=\/wp\/v2\/pages"}],"about":[{"href":"https:\/\/www.institut-le-salon.fr\/index.php?rest_route=\/wp\/v2\/types\/page"}],"author":[{"embeddable":true,"href":"https:\/\/www.institut-le-salon.fr\/index.php?rest_route=\/wp\/v2\/users\/1"}],"replies":[{"embeddable":true,"href":"https:\/\/www.institut-le-salon.fr\/index.php?rest_route=%2Fwp%2Fv2%2Fcomments&post=995"}],"version-history":[{"count":19,"href":"https:\/\/www.institut-le-salon.fr\/index.php?rest_route=\/wp\/v2\/pages\/995\/revisions"}],"predecessor-version":[{"id":1291,"href":"https:\/\/www.institut-le-salon.fr\/index.php?rest_route=\/wp\/v2\/pages\/995\/revisions\/1291"}],"wp:attachment":[{"href":"https:\/\/www.institut-le-salon.fr\/index.php?rest_route=%2Fwp%2Fv2%2Fmedia&parent=995"}],"curies":[{"name":"wp","href":"https:\/\/api.w.org\/{rel}","templated":true}]}}